{"id":61,"date":"2025-06-26T18:49:14","date_gmt":"2025-06-26T18:49:14","guid":{"rendered":"http:\/\/marinavoyage.fr\/?page_id=61"},"modified":"2025-07-02T14:08:54","modified_gmt":"2025-07-02T14:08:54","slug":"avis-hotels-disneyland-paris","status":"publish","type":"page","link":"https:\/\/www.marinavoyage.fr\/index.php\/avis-hotels-disneyland-paris\/","title":{"rendered":"Hotels"},"content":{"rendered":"\n<div style=\"height:100px\" aria-hidden=\"true\" class=\"wp-block-spacer\"><\/div>\n\n\n\n<h2 class=\"wp-block-heading has-text-align-center has-text-color has-link-color wp-elements-48bcaa792f665f0bca9504c5f7f50a02\" style=\"color:#f27489\">Avis sur les h\u00f4tels Disneyland Paris : Sequoia Lodge et Disneyland Hotel<\/h2>\n\n\n\n<p class=\"has-text-align-center has-text-color has-link-color wp-elements-a050827f693c00a1ee653be69a45a76b\" style=\"color:#ffc0cb\">Pour prolonger la magie des parcs, rien de mieux qu&rsquo;une bonne nuit dans l&rsquo;un des nombreux h\u00f4tels \u00e0 th\u00e8me du Resort. Voici mes avis et retours d\u2019exp\u00e9rience sur deux h\u00f4tels embl\u00e9matiques du Resort : le Sequoia Lodge et le Disneyland Hotel.<\/p>\n\n\n\n<h3 class=\"wp-block-heading has-text-align-center has-text-color has-link-color wp-elements-57dd3d81ae492d3ebbf4baf5184be8ad\" style=\"color:#f27489\">Sequoia Lodge Disneyland Paris : un excellent rapport qualit\u00e9\/prix<\/h3>\n\n\n\n<h4 class=\"wp-block-heading has-text-align-center has-text-color has-link-color wp-elements-e9c43770eeae332d97998ebb703c148e\" style=\"color:#f9629f\">Un h\u00f4tel au c\u0153ur de la nature<\/h4>\n\n\n\n<p class=\"has-text-align-center has-text-color has-link-color wp-elements-00171d4378f5ee398a316b2d98172e17\" style=\"color:#ffc0cb\">Le <strong>Sequoia Lodge<\/strong> est parfait pour les amoureux de la nature et les familles \u00e0 la recherche d\u2019un bon compromis entre confort et budget. Situ\u00e9 dans un cadre verdoyant et inspir\u00e9 de l\u2019univers de <strong>Bambi<\/strong>, cet h\u00f4tel Disney s\u00e9duit par son atmosph\u00e8re chaleureuse.<\/p>\n\n\n\n<h4 class=\"wp-block-heading has-text-align-center has-text-color has-link-color wp-elements-4ea1b7f3aea7f824445917d40548ad97\" style=\"color:#f9629f\">Mon exp\u00e9rience au Sequoia Lodge<\/h4>\n\n\n\n<p class=\"has-text-align-center has-text-color has-link-color wp-elements-b37690cec9e796f04a9d623a11f41698\" style=\"color:#ffc0cb\">J\u2019ai eu l\u2019occasion de s\u00e9journer en chambre standard et en chambre Golden Forest Club dans le b\u00e2timent principal, \u00e0 proximit\u00e9 de la r\u00e9ception et des principaux services.<\/p>\n\n\n\n<p class=\"has-text-color has-link-color wp-elements-1ad1c1868eeffd605ae8136bafabc766\" style=\"color:#ffc0cb\">\ud83d\udc49 Les chambres standard et Golden Forest Club sont similaires en termes d\u2019\u00e9quipement.<br>\ud83d\udc49 La diff\u00e9rence se situe dans les services exclusifs du Golden Forest Club :<\/p>\n\n\n\n<ul class=\"wp-block-list\">\n<li class=\"has-text-color has-link-color wp-elements-d6c98c6d9a4985a1659aa2ba0b7d10df\" style=\"color:#ffc0cb\">R\u00e9ception priv\u00e9e pour l\u2019enregistrement<\/li>\n<\/ul>\n\n\n\n<ul class=\"wp-block-list\">\n<li class=\"has-text-color has-link-color wp-elements-578d9481ee11742638683400e04a4d15\" style=\"color:#ffc0cb\">Petit-d\u00e9jeuner et go\u00fbter buffet avec boissons \u00e0 volont\u00e9 dans un salon priv\u00e9<\/li>\n<\/ul>\n\n\n\n<ul class=\"wp-block-list\">\n<li class=\"has-text-color has-link-color wp-elements-8b6f7095549fc9a35b460018b5c2f5e4\" style=\"color:#ffc0cb\">Service de bagagerie en chambre<\/li>\n<\/ul>\n\n\n\n<p class=\"has-text-align-center has-text-color has-link-color wp-elements-c66c472e7694df5b0b735f2ce1d9e6bc\" style=\"color:#ffc0cb\">Tout est pens\u00e9 pour offrir une exp\u00e9rience plus confortable et sereine.<\/p>\n\n\n\n<h4 class=\"wp-block-heading has-text-align-center has-text-color has-link-color wp-elements-e6831fd9e80202f56a0763023e0dbbbc\" style=\"color:#ffc0cb\">Points forts et points \u00e0 am\u00e9liorer<\/h4>\n\n\n\n<p class=\"has-text-align-center has-text-color has-link-color wp-elements-bd5508020eb09d5c56744751e0150113\" style=\"color:#ffc0cb\">\u2705 <strong>Points positifs :<\/strong><\/p>\n\n\n\n<ul style=\"color:#ffc0cb\" class=\"wp-block-list has-text-color has-link-color wp-elements-6fca10d39bb6cdfc3096d4f09abce92a\">\n<li>Bon rapport qualit\u00e9\/prix<\/li>\n\n\n\n<li>Immersion th\u00e9matique r\u00e9ussie<\/li>\n\n\n\n<li>Acc\u00e8s aux services exclusifs avec le Golden Forest Club<\/li>\n<\/ul>\n\n\n\n<p class=\"has-text-align-center has-text-color has-link-color wp-elements-fb038b1f632889cfd914202a6816cc00\" style=\"color:#ffc0cb\">\u274c <strong>Points \u00e0 am\u00e9liorer :<\/strong><\/p>\n\n\n\n<ul class=\"wp-block-list\">\n<li class=\"has-text-color has-link-color wp-elements-b8b42be8a0ed29f7c064443232d65c27\" style=\"color:#ffc0cb\">L\u2019ascenseur principal est tr\u00e8s petit et peu pratique pour les personnes en fauteuil roulant.<\/li>\n\n\n\n<li class=\"has-text-color has-link-color wp-elements-e32009ebba200136bcfe55820ecc0977\" style=\"color:#ffc0cb\">Les d\u00e9placements \u00e0 pied entre l\u2019h\u00f4tel et les parcs peuvent \u00eatre fatigants pour certaines personnes.<\/li>\n<\/ul>\n\n\n\n<p class=\"has-text-color has-link-color wp-elements-4465feeebc53aff84aacf01252286681\" style=\"color:#ffc0cb\">\ud83d\udca1 Bonne nouvelle : une r\u00e9novation est pr\u00e9vue prochainement, sans fermeture de l\u2019h\u00f4tel. J\u2019esp\u00e8re que l\u2019accessibilit\u00e9 sera am\u00e9lior\u00e9e \u00e0 cette occasion. Les ascenseurs menant aux chambres sont, eux, suffisamment spacieux.<\/p>\n\n\n\n<h3 class=\"wp-block-heading has-text-align-center has-text-color has-link-color wp-elements-817988c9bfb613ed3f1975d10c7905d5\" style=\"color:#f27489\">Disneyland Hotel : une exp\u00e9rience royale inoubliable<\/h3>\n\n\n\n<h4 class=\"wp-block-heading has-text-align-center has-text-color has-link-color wp-elements-53eb71be11225d5aeb5b748e18f3aee8\" style=\"color:#f9629f\">L\u2019h\u00f4tel Palace au c\u0153ur de Disneyland Paris<\/h4>\n\n\n\n<p class=\"has-text-align-center has-text-color has-link-color wp-elements-155aba1b4ec5078e0b94c1c630c682eb\" style=\"color:#ffc0cb\">Le <strong>Disneyland Hotel<\/strong> est l\u2019h\u00f4tel le plus prestigieux du parc. Si vous r\u00eavez de vivre comme une princesse ou un prince, c\u2019est l\u2019endroit id\u00e9al.<\/p>\n\n\n\n<p class=\"has-text-align-center has-text-color has-link-color wp-elements-3def4ab8f2d112592d241172a0e63108\" style=\"color:#ffc0cb\">D\u00e8s l\u2019entr\u00e9e dans le hall, la magie op\u00e8re : le d\u00e9cor royal, l\u2019accueil personnalis\u00e9 par des majordomes et l\u2019ambiance unique en font un h\u00f4tel de r\u00eave.<\/p>\n\n\n\n<h4 class=\"wp-block-heading has-text-align-center has-text-color has-link-color wp-elements-2822025d8cc49e274fd5e2ef042cf6b4\" style=\"color:#f9629f\">Mon s\u00e9jour dans une suite Raiponce<br><\/h4>\n\n\n\n<p class=\"has-text-align-center has-text-color has-link-color wp-elements-5fbc5b3f221554ce0ad5f7f84c497bc3\" style=\"color:#ffc0cb\">J\u2019ai eu la chance incroyable d\u2019\u00eatre <strong>surclass\u00e9e en suite junior PMR Raiponce<\/strong>. C\u2019\u00e9tait la premi\u00e8re fois que je dormais dans une suite et l\u2019exp\u00e9rience a d\u00e9pass\u00e9 mes attentes !<\/p>\n\n\n\n<p class=\"has-text-align-center has-text-color has-link-color wp-elements-0228e1f238f61490196018861add34f7\" style=\"color:#ffc0cb\">La chambre \u00e9tait magnifique, parfaitement th\u00e9matis\u00e9e, et j\u2019ai vraiment eu l\u2019impression de vivre dans l\u2019univers de Raiponce.<\/p>\n\n\n\n<h4 class=\"wp-block-heading has-text-align-center has-text-color has-link-color wp-elements-ea8f9f10b8ecf1134686acfe98935ec9\" style=\"color:#f9629f\">Castle Club : un service exclusif<br><\/h4>\n\n\n\n<p class=\"has-text-align-center has-text-color has-link-color wp-elements-b2c31c33f71207c0c46434396ce26419\" style=\"color:#ffc0cb\">En s\u00e9journant au <strong>Castle Club<\/strong>, j\u2019ai profit\u00e9 de nombreux avantages :<\/p>\n\n\n\n<ul class=\"wp-block-list\">\n<li class=\"has-text-color has-link-color wp-elements-dd37612046c910135fd4515d09242eca\" style=\"color:#ffc0cb\">Acc\u00e8s \u00e0 un salon priv\u00e9<\/li>\n\n\n\n<li class=\"has-text-color has-link-color wp-elements-9f9d63ad396226f956dcd8cdc7aa1f43\" style=\"color:#ffc0cb\">Petit-d\u00e9jeuner et go\u00fbter en compagnie des princesses Disney<\/li>\n\n\n\n<li class=\"has-text-color has-link-color wp-elements-e8f00d725e4d3e530b4708780deeceae\" style=\"color:#ffc0cb\">Boissons \u00e0 volont\u00e9 de 12H00 \u00e0 22H00 (sauf jour du d\u00e9part)<\/li>\n<\/ul>\n\n\n\n<p class=\"has-text-align-center has-text-color has-link-color wp-elements-d8cbff17ca9dabba74fc8ca30f1e8ca3\" style=\"color:#ffc0cb\">Cette exp\u00e9rience a \u00e9t\u00e9 tellement magique que j\u2019ai d\u00e9j\u00e0 r\u00e9serv\u00e9 mon prochain s\u00e9jour pour janvier 2026 !<\/p>\n\n\n\n<figure class=\"wp-block-image aligncenter size-large\"><img loading=\"lazy\" decoding=\"async\" width=\"768\" height=\"1024\" src=\"http:\/\/marinavoyage.fr\/wp-content\/uploads\/2025\/06\/20250122_100421-768x1024.jpg\" alt=\"\" class=\"wp-image-121\" srcset=\"https:\/\/www.marinavoyage.fr\/wp-content\/uploads\/2025\/06\/20250122_100421-768x1024.jpg 768w, https:\/\/www.marinavoyage.fr\/wp-content\/uploads\/2025\/06\/20250122_100421-225x300.jpg 225w, https:\/\/www.marinavoyage.fr\/wp-content\/uploads\/2025\/06\/20250122_100421-1152x1536.jpg 1152w, https:\/\/www.marinavoyage.fr\/wp-content\/uploads\/2025\/06\/20250122_100421-1536x2048.jpg 1536w, https:\/\/www.marinavoyage.fr\/wp-content\/uploads\/2025\/06\/20250122_100421-scaled.jpg 1920w\" sizes=\"auto, (max-width: 768px) 100vw, 768px\" \/><figcaption class=\"wp-element-caption\"> Cendrillon et moi<\/figcaption><\/figure>\n\n\n\n<h4 class=\"wp-block-heading has-text-align-center has-text-color has-link-color wp-elements-d1a4f25874f044fe686bba9db609cc18\" style=\"color:#f9629f\">Conclusion : quel h\u00f4tel Disneyland Paris choisir ?<\/h4>\n\n\n\n<p class=\"has-text-align-center has-text-color has-link-color wp-elements-7a07503caf1089d693c82573c391ce8d\" style=\"color:#ffc0cb\">\u2705 <strong>Sequoia Lodge<\/strong> : parfait pour les familles et les budgets interm\u00e9diaires, avec une atmosph\u00e8re chaleureuse et une bonne immersion Disney.<\/p>\n\n\n\n<p class=\"has-text-color has-link-color wp-elements-5957993a056b86370b4dff5e8ab43b57\" style=\"color:#ffc0cb\">\ud83d\udc51 <strong>Disneyland Hotel<\/strong> : id\u00e9al pour une exp\u00e9rience haut de gamme et inoubliable, avec un service royal et un cadre exceptionnel.<\/p>\n\n\n\n<p class=\"has-text-align-center has-text-color has-link-color wp-elements-86b87b812686a76fcc9b41f6bdf537c5\" style=\"color:#ffc0cb\">\ud83d\udc49 Quel que soit votre choix, s\u00e9journer dans un h\u00f4tel Disney permet de prolonger la magie des parcs du matin au soir.<\/p>\n\n\n\n<div class=\"wp-block-comments\"><h2 id=\"comments\" class=\"wp-block-comments-title\">Une r\u00e9ponse \u00e0 &#8220;Hotels&#8221;<\/h2>\n\n<ol class=\"wp-block-comment-template\"><li id=\"comment-2\" class=\"comment even thread-even depth-1\">\n\n<div class=\"wp-block-columns is-layout-flex wp-container-core-columns-is-layout-28f84493 wp-block-columns-is-layout-flex\">\n<div class=\"wp-block-column is-layout-flow wp-block-column-is-layout-flow\" style=\"flex-basis:40px\"><div class=\"wp-block-avatar\"><img alt='Avatar de Mousse' src='https:\/\/secure.gravatar.com\/avatar\/6fbd40c6e078728525ac547127004bfaf7e10e937cc99c0773098ee6a4c812be?s=40&#038;d=mm&#038;r=g' srcset='https:\/\/secure.gravatar.com\/avatar\/6fbd40c6e078728525ac547127004bfaf7e10e937cc99c0773098ee6a4c812be?s=80&#038;d=mm&#038;r=g 2x' class='avatar avatar-40 photo wp-block-avatar__image' height='40' width='40'  style=\"border-radius:20px;\"\/><\/div><\/div>\n\n\n\n<div class=\"wp-block-column is-layout-flow wp-block-column-is-layout-flow\"><div class=\"wp-block-comment-author-name has-small-font-size\">Mousse<\/div>\n\n\n<div class=\"wp-block-group is-layout-flex wp-block-group-is-layout-flex\" style=\"margin-top:0px;margin-bottom:0px\"><div class=\"wp-block-comment-date has-small-font-size\"><time datetime=\"2025-06-27T11:06:39+00:00\"><a href=\"https:\/\/www.marinavoyage.fr\/index.php\/avis-hotels-disneyland-paris\/#comment-2\">juin 27, 2025<\/a><\/time><\/div>\n\n<\/div>\n\n\n<div class=\"wp-block-comment-content\"><p>Super ton blog ! Cela donne vraiment envie de s\u00e9journer dans l&rsquo;un de ces h\u00f4tels ! La magie Disney est en train d&rsquo;op\u00e9rer \ud83d\ude09\ud83d\ude0a<\/p>\n<\/div>\n\n<div class=\"wp-block-comment-reply-link has-small-font-size\"><a rel=\"nofollow\" class=\"comment-reply-link\" href=\"https:\/\/www.marinavoyage.fr\/index.php\/avis-hotels-disneyland-paris\/?replytocom=2#respond\" data-commentid=\"2\" data-postid=\"61\" data-belowelement=\"comment-2\" data-respondelement=\"respond\" data-replyto=\"R\u00e9pondre \u00e0 Mousse\" aria-label=\"R\u00e9pondre \u00e0 Mousse\">R\u00e9pondre<\/a><\/div><\/div>\n<\/div>\n\n<\/li><\/ol>\n\n\n\n\t<div id=\"respond\" class=\"comment-respond wp-block-post-comments-form\">\n\t\t<h3 id=\"reply-title\" class=\"comment-reply-title\">Laisser un commentaire <small><a rel=\"nofollow\" id=\"cancel-comment-reply-link\" href=\"\/index.php\/wp-json\/wp\/v2\/pages\/61#respond\" style=\"display:none;\">Annuler la r\u00e9ponse<\/a><\/small><\/h3><form action=\"https:\/\/www.marinavoyage.fr\/wp-comments-post.php\" method=\"post\" id=\"commentform\" class=\"comment-form\"><p class=\"comment-notes\"><span id=\"email-notes\">Votre adresse e-mail ne sera pas publi\u00e9e.<\/span> <span class=\"required-field-message\">Les champs obligatoires sont indiqu\u00e9s avec <span class=\"required\">*<\/span><\/span><\/p><p class=\"comment-form-comment\"><label for=\"comment\">Commentaire <span class=\"required\">*<\/span><\/label> <textarea id=\"comment\" name=\"comment\" cols=\"45\" rows=\"8\" maxlength=\"65525\" required=\"required\"><\/textarea><\/p><div class=\"ast-comment-formwrap ast-row\">\n\t\t\t<p class=\"comment-form-author ast-grid-common-col ast-width-lg-33 ast-width-md-4 ast-float\">\n\t\t\t\t<label for=\"author\" class=\"screen-reader-text\">Nom*<\/label>\n\t\t\t\t<input id=\"author\" name=\"author\" type=\"text\" \n\t\t\t\t\tvalue=\"\" \n\t\t\t\t\tplaceholder=\"Nom*\" \n\t\t\t\t\tsize=\"30\" aria-required='true' autocomplete=\"name\" \/>\n\t\t\t<\/p>\n<p class=\"comment-form-email ast-grid-common-col ast-width-lg-33 ast-width-md-4 ast-float\">\n\t\t\t<label for=\"email\" class=\"screen-reader-text\">E-mail*<\/label>\n\t\t\t<input id=\"email\" name=\"email\" type=\"text\" \n\t\t\t\tvalue=\"\" \n\t\t\t\tplaceholder=\"E-mail*\" \n\t\t\t\tsize=\"30\" aria-required='true' autocomplete=\"email\" \/>\n\t\t<\/p>\n<p class=\"comment-form-url ast-grid-common-col ast-width-lg-33 ast-width-md-4 ast-float\">\n\t\t\t<label for=\"url\" class=\"screen-reader-text\">Site<\/label>\n\t\t\t<input id=\"url\" name=\"url\" type=\"text\" \n\t\t\t\tvalue=\"\" \n\t\t\t\tplaceholder=\"Site\" \n\t\t\t\tsize=\"30\" autocomplete=\"url\" \/>\n\t\t<\/p>\n\t\t<\/div>\n<p class=\"comment-form-cookies-consent\"><input id=\"wp-comment-cookies-consent\" name=\"wp-comment-cookies-consent\" type=\"checkbox\" value=\"yes\" \/> <label for=\"wp-comment-cookies-consent\">Enregistrer mon nom, mon e-mail et mon site dans le navigateur pour mon prochain commentaire.<\/label><\/p>\n<p class=\"form-submit\"><input name=\"submit\" type=\"submit\" id=\"submit\" class=\"submit\" value=\"Laisser un commentaire\" \/> <input type='hidden' name='comment_post_ID' value='61' id='comment_post_ID' \/>\n<input type='hidden' name='comment_parent' id='comment_parent' value='0' \/>\n<\/p><\/form>\t<\/div><!-- #respond -->\n\t<\/div>\n\n\n\n<p><\/p>\n\n\n\n<p><\/p>\n","protected":false},"excerpt":{"rendered":"<p>Avis sur les h\u00f4tels Disneyland Paris : Sequoia Lodge et Disneyland Hotel Pour prolonger la magie des parcs, rien de [&hellip;]<\/p>\n","protected":false},"author":1,"featured_media":0,"parent":0,"menu_order":0,"comment_status":"open","ping_status":"closed","template":"","meta":{"site-sidebar-layout":"default","site-content-layout":"","ast-site-content-layout":"default","site-content-style":"default","site-sidebar-style":"default","ast-global-header-display":"","ast-banner-title-visibility":"","ast-main-header-display":"","ast-hfb-above-header-display":"","ast-hfb-below-header-display":"","ast-hfb-mobile-header-display":"","site-post-title":"disabled","ast-breadcrumbs-content":"","ast-featured-img":"","footer-sml-layout":"","ast-disable-related-posts":"","theme-transparent-header-meta":"","adv-header-id-meta":"","stick-header-meta":"","header-above-stick-meta":"","header-main-stick-meta":"","header-below-stick-meta":"","astra-migrate-meta-layouts":"default","ast-page-background-enabled":"default","ast-page-background-meta":{"desktop":{"background-color":"var(--ast-global-color-5)","background-image":"","background-repeat":"repeat","background-position":"center center","background-size":"auto","background-attachment":"scroll","background-type":"","background-media":"","overlay-type":"","overlay-color":"","overlay-opacity":"","overlay-gradient":""},"tablet":{"background-color":"","background-image":"","background-repeat":"repeat","background-position":"center center","background-size":"auto","background-attachment":"scroll","background-type":"","background-media":"","overlay-type":"","overlay-color":"","overlay-opacity":"","overlay-gradient":""},"mobile":{"background-color":"","background-image":"","background-repeat":"repeat","background-position":"center center","background-size":"auto","background-attachment":"scroll","background-type":"","background-media":"","overlay-type":"","overlay-color":"","overlay-opacity":"","overlay-gradient":""}},"ast-content-background-meta":{"desktop":{"background-color":"var(--ast-global-color-4)","background-image":"","background-repeat":"repeat","background-position":"center center","background-size":"auto","background-attachment":"scroll","background-type":"","background-media":"","overlay-type":"","overlay-color":"","overlay-opacity":"","overlay-gradient":""},"tablet":{"background-color":"var(--ast-global-color-4)","background-image":"","background-repeat":"repeat","background-position":"center center","background-size":"auto","background-attachment":"scroll","background-type":"","background-media":"","overlay-type":"","overlay-color":"","overlay-opacity":"","overlay-gradient":""},"mobile":{"background-color":"var(--ast-global-color-4)","background-image":"","background-repeat":"repeat","background-position":"center center","background-size":"auto","background-attachment":"scroll","background-type":"","background-media":"","overlay-type":"","overlay-color":"","overlay-opacity":"","overlay-gradient":""}},"footnotes":""},"class_list":["post-61","page","type-page","status-publish","hentry"],"_links":{"self":[{"href":"https:\/\/www.marinavoyage.fr\/index.php\/wp-json\/wp\/v2\/pages\/61","targetHints":{"allow":["GET"]}}],"collection":[{"href":"https:\/\/www.marinavoyage.fr\/index.php\/wp-json\/wp\/v2\/pages"}],"about":[{"href":"https:\/\/www.marinavoyage.fr\/index.php\/wp-json\/wp\/v2\/types\/page"}],"author":[{"embeddable":true,"href":"https:\/\/www.marinavoyage.fr\/index.php\/wp-json\/wp\/v2\/users\/1"}],"replies":[{"embeddable":true,"href":"https:\/\/www.marinavoyage.fr\/index.php\/wp-json\/wp\/v2\/comments?post=61"}],"version-history":[{"count":69,"href":"https:\/\/www.marinavoyage.fr\/index.php\/wp-json\/wp\/v2\/pages\/61\/revisions"}],"predecessor-version":[{"id":189,"href":"https:\/\/www.marinavoyage.fr\/index.php\/wp-json\/wp\/v2\/pages\/61\/revisions\/189"}],"wp:attachment":[{"href":"https:\/\/www.marinavoyage.fr\/index.php\/wp-json\/wp\/v2\/media?parent=61"}],"curies":[{"name":"wp","href":"https:\/\/api.w.org\/{rel}","templated":true}]}}