{"id":62,"date":"2025-06-26T18:49:14","date_gmt":"2025-06-26T18:49:14","guid":{"rendered":"http:\/\/marinavoyage.fr\/?page_id=62"},"modified":"2025-07-02T14:08:58","modified_gmt":"2025-07-02T14:08:58","slug":"restaurant-disneyland-paris-ou-bien-manger","status":"publish","type":"page","link":"https:\/\/www.marinavoyage.fr\/index.php\/restaurant-disneyland-paris-ou-bien-manger\/","title":{"rendered":"Restaurants"},"content":{"rendered":"\n<div style=\"height:100px\" aria-hidden=\"true\" class=\"wp-block-spacer\"><\/div>\n\n\n\n<h2 class=\"wp-block-heading has-text-align-center has-text-color has-link-color wp-elements-4b2ab36567469608ea2d5931d42f503b\" style=\"color:#f9629f\">Restaurants Disneyland Paris : o\u00f9 bien manger<\/h2>\n\n\n\n<h3 class=\"wp-block-heading has-text-align-center has-text-color has-link-color wp-elements-03a94b24cbce074e3572916c2b97b541\" style=\"color:#f9629f\">O\u00f9 bien manger \u00e0 Disneyland Paris : mes restaurants pr\u00e9f\u00e9r\u00e9s<\/h3>\n\n\n\n<p class=\"has-text-align-center has-text-color has-link-color wp-elements-d8eacc66a4a44eb6208a3b94a7a42198\" style=\"color:#ffc0cb\">Apr\u00e8s une journ\u00e9e magique dans les parcs et avoir parcouru des kilom\u00e8tres entre attractions et spectacles, l\u2019app\u00e9tit se fait sentir. J\u2019ai eu la chance de tester plusieurs restaurants \u00e0 Disneyland Paris et je vous partage ici mes coups de c\u0153ur, avec quelques astuces pratiques !<\/p>\n\n\n\n<h4 class=\"wp-block-heading has-text-align-center has-text-color has-link-color wp-elements-1a0537898f137305672d46ea28ad3c1d\" style=\"color:#f9629f\">Les restaurants \u00e0 volont\u00e9 incontournables<\/h4>\n\n\n\n<h5 class=\"wp-block-heading has-text-align-center has-text-color has-link-color wp-elements-a2580ce57e2bb1f3de530131959be1ea\" style=\"color:#f9629f\">Downtown Restaurant \u2013 Disney\u2019s Hotel New York \u2013 The Art of Marvel<\/h5>\n\n\n\n<p class=\"has-text-align-center has-text-color has-link-color wp-elements-06d1a24bd6f5e1db5d5d07364410ee61\" style=\"color:#ffc0cb\">Parmi les buffets, <strong>le Downtown Restaurant<\/strong> est mon pr\u00e9f\u00e9r\u00e9. Ce restaurant vous propose trois univers culinaires : l\u2019Italie, New York et l\u2019Asie.<br>Personnellement, je recommande les <strong>mini burgers<\/strong> qui se trouvent dans la partie am\u00e9ricaine du buffet : un vrai d\u00e9lice ! <\/p>\n\n\n\n<p class=\"has-text-align-center has-text-color has-link-color wp-elements-8b5be257a252498718109a2dff687461\" style=\"color:#ffc0cb\"><strong>Astuce<\/strong> : Il est souvent difficile de r\u00e9server une table si vous ne logez pas \u00e0 l\u2019h\u00f4tel. Mais petite info exclusive : passez directement \u00e0 la r\u00e9ception de l\u2019h\u00f4tel. Il arrive qu\u2019il reste des places non affich\u00e9es sur l\u2019application Disneyland Paris. Essayez, cela fonctionne parfois !<\/p>\n\n\n\n<p class=\"has-text-align-center has-text-color has-link-color wp-elements-80d09b8ede593709dc7f8a816b415da9\" style=\"color:#ffc0cb\"> <strong>Conseil accessibilit\u00e9<\/strong> : En tant que personne autiste, je recommande d\u2019y aller d\u00e8s l\u2019ouverture \u00e0 18h00 pour \u00e9viter la foule et le bruit, et profiter d\u2019un repas dans le calme.<\/p>\n\n\n\n<h5 class=\"wp-block-heading has-text-align-center has-text-color has-link-color wp-elements-3c4108f96cdd40d9dbacc0a3309ba5e2\" style=\"color:#f9629f\">PYM Kitchen \u2013 Avengers Campus<\/h5>\n\n\n\n<p class=\"has-text-align-center has-text-color has-link-color wp-elements-6987e22c6085bb9ddf1a7cdae0e1851c\" style=\"color:#ffc0cb\">Un autre buffet original : <strong>PYM Kitchen<\/strong>, situ\u00e9 dans le studio Avengers Campus. Ce restaurant propose des portions <strong>miniatures ou g\u00e9antes<\/strong> de plats classiques, une exp\u00e9rience ludique qui pla\u00eet beaucoup aux familles.<\/p>\n\n\n\n<p class=\"has-text-align-center has-text-color has-link-color wp-elements-a7591ee05dec676d99f378592541b8a0\" style=\"color:#ffc0cb\"><strong>Astuce<\/strong> : Les r\u00e9servations partent vite ! Surveillez r\u00e9guli\u00e8rement l\u2019application Disneyland Paris pour b\u00e9n\u00e9ficier d\u2019une annulation de derni\u00e8re minute.<\/p>\n\n\n\n<h4 class=\"wp-block-heading has-text-align-center has-text-color has-link-color wp-elements-3022d02018f66fd04d107f75088baf2e\" style=\"color:#f9629f\">Les meilleurs restaurants rapides \u00e0 Disneyland Paris<\/h4>\n\n\n\n<h5 class=\"wp-block-heading has-text-align-center has-text-color has-link-color wp-elements-b9924eddfdaaff4c55d257dc97720a78\" style=\"color:#f9629f\">Pizzeria Bella Notte \u2013 Fantasyland<\/h5>\n\n\n\n<p class=\"has-text-align-center has-text-color has-link-color wp-elements-4df1f6838746b41f87ea41ecb5ee1923\" style=\"color:#ffc0cb\">Si vous cherchez un repas rapide avec une touche de magie, je vous recommande la <strong>Pizzeria Bella Notte<\/strong>, un restaurant charmant inspir\u00e9 de <em>La Belle et le Clochard<\/em>. Parfait pour les familles, c\u2019est l\u2019un des pr\u00e9f\u00e9r\u00e9s de ma s\u0153ur !<\/p>\n\n\n\n<p class=\"has-text-align-center has-text-color has-link-color wp-elements-2f2924f63423d2ac2a67b5950617ce6c\" style=\"color:#ffc0cb\"><strong>Accessibilit\u00e9 PMR<\/strong> : Lors des heures de pointe, l\u2019acc\u00e8s aux caisses peut \u00eatre difficile pour les personnes \u00e0 mobilit\u00e9 r\u00e9duite (PMR), car il n\u2019existe pas de file d\u00e9di\u00e9e. Cependant, les cast members sont bienveillants et font de leur mieux pour aider.<\/p>\n\n\n\n<h5 class=\"wp-block-heading has-text-align-center has-text-color has-link-color wp-elements-b9924eddfdaaff4c55d257dc97720a78\" style=\"color:#f9629f\">Pizzeria Bella Notte \u2013 Fantasyland<\/h5>\n\n\n\n<p class=\"has-text-align-center has-text-color has-link-color wp-elements-4476f29e2e6f55a5aca3df4054ab4993\" style=\"color:#ffc0cb\">Le <strong>Caf\u00e9 Hyperion<\/strong> est id\u00e9al pour une pause burger. Il propose des options originales, comme le c\u00e9l\u00e8bre <strong>burger vert<\/strong> ! Ce restaurant est \u00e9galement tr\u00e8s fr\u00e9quent\u00e9 mais <strong>mieux \u00e9quip\u00e9 pour les personnes PMR<\/strong>, avec des caisses adapt\u00e9es.<\/p>\n\n\n\n<p class=\"has-text-align-center has-text-color has-link-color wp-elements-fa958976343491d8f52af6ebbb81310b\" style=\"color:#ffc0cb\"><strong>Petit b\u00e9mol<\/strong> : La rampe d\u2019acc\u00e8s pour atteindre les tables est un peu raide et \u00e9troite. Une fois install\u00e9, vous pourrez profiter d\u2019un \u00e9cran g\u00e9ant diffusant des karaok\u00e9s en continu, une ambiance conviviale garantie.<\/p>\n\n\n\n<h4 class=\"wp-block-heading has-text-align-center has-text-color has-link-color wp-elements-e61638beb61045452d78c7a103fe72f1\" style=\"color:#f9629f\">Mon avis final<\/h4>\n\n\n\n<p class=\"has-text-align-center has-text-color has-link-color wp-elements-e5886a9a4be77ac2adcca0660fde557e\" style=\"color:#ffc0cb\">Que vous ayez envie de prendre votre temps dans un buffet ou de manger rapidement pour retourner aux attractions, <strong>Disneyland Paris propose une offre vari\u00e9e de restaurants adapt\u00e9s \u00e0 tous les go\u00fbts et \u00e0 toutes les envies.<\/strong><\/p>\n\n\n\n<p class=\"has-text-align-center has-text-color has-link-color wp-elements-eddd207d6b6e63d5548ccbbdd0b9a38a\" style=\"color:#ffc0cb\"> N\u2019h\u00e9sitez pas \u00e0 planifier vos repas en avance et \u00e0 utiliser l\u2019application Disneyland Paris pour r\u00e9server ou surveiller les disponibilit\u00e9s en temps r\u00e9el.<\/p>\n\n\n\n\n\n<p><\/p>\n","protected":false},"excerpt":{"rendered":"<p>Restaurants Disneyland Paris : o\u00f9 bien manger O\u00f9 bien manger \u00e0 Disneyland Paris : mes restaurants pr\u00e9f\u00e9r\u00e9s Apr\u00e8s une journ\u00e9e [&hellip;]<\/p>\n","protected":false},"author":1,"featured_media":0,"parent":0,"menu_order":0,"comment_status":"closed","ping_status":"closed","template":"","meta":{"site-sidebar-layout":"default","site-content-layout":"","ast-site-content-layout":"default","site-content-style":"default","site-sidebar-style":"default","ast-global-header-display":"","ast-banner-title-visibility":"","ast-main-header-display":"","ast-hfb-above-header-display":"","ast-hfb-below-header-display":"","ast-hfb-mobile-header-display":"","site-post-title":"disabled","ast-breadcrumbs-content":"","ast-featured-img":"","footer-sml-layout":"","ast-disable-related-posts":"","theme-transparent-header-meta":"","adv-header-id-meta":"","stick-header-meta":"","header-above-stick-meta":"","header-main-stick-meta":"","header-below-stick-meta":"","astra-migrate-meta-layouts":"default","ast-page-background-enabled":"default","ast-page-background-meta":{"desktop":{"background-color":"var(--ast-global-color-5)","background-image":"","background-repeat":"repeat","background-position":"center center","background-size":"auto","background-attachment":"scroll","background-type":"","background-media":"","overlay-type":"","overlay-color":"","overlay-opacity":"","overlay-gradient":""},"tablet":{"background-color":"","background-image":"","background-repeat":"repeat","background-position":"center center","background-size":"auto","background-attachment":"scroll","background-type":"","background-media":"","overlay-type":"","overlay-color":"","overlay-opacity":"","overlay-gradient":""},"mobile":{"background-color":"","background-image":"","background-repeat":"repeat","background-position":"center center","background-size":"auto","background-attachment":"scroll","background-type":"","background-media":"","overlay-type":"","overlay-color":"","overlay-opacity":"","overlay-gradient":""}},"ast-content-background-meta":{"desktop":{"background-color":"var(--ast-global-color-4)","background-image":"","background-repeat":"repeat","background-position":"center center","background-size":"auto","background-attachment":"scroll","background-type":"","background-media":"","overlay-type":"","overlay-color":"","overlay-opacity":"","overlay-gradient":""},"tablet":{"background-color":"var(--ast-global-color-4)","background-image":"","background-repeat":"repeat","background-position":"center center","background-size":"auto","background-attachment":"scroll","background-type":"","background-media":"","overlay-type":"","overlay-color":"","overlay-opacity":"","overlay-gradient":""},"mobile":{"background-color":"var(--ast-global-color-4)","background-image":"","background-repeat":"repeat","background-position":"center center","background-size":"auto","background-attachment":"scroll","background-type":"","background-media":"","overlay-type":"","overlay-color":"","overlay-opacity":"","overlay-gradient":""}},"footnotes":""},"class_list":["post-62","page","type-page","status-publish","hentry"],"_links":{"self":[{"href":"https:\/\/www.marinavoyage.fr\/index.php\/wp-json\/wp\/v2\/pages\/62","targetHints":{"allow":["GET"]}}],"collection":[{"href":"https:\/\/www.marinavoyage.fr\/index.php\/wp-json\/wp\/v2\/pages"}],"about":[{"href":"https:\/\/www.marinavoyage.fr\/index.php\/wp-json\/wp\/v2\/types\/page"}],"author":[{"embeddable":true,"href":"https:\/\/www.marinavoyage.fr\/index.php\/wp-json\/wp\/v2\/users\/1"}],"replies":[{"embeddable":true,"href":"https:\/\/www.marinavoyage.fr\/index.php\/wp-json\/wp\/v2\/comments?post=62"}],"version-history":[{"count":7,"href":"https:\/\/www.marinavoyage.fr\/index.php\/wp-json\/wp\/v2\/pages\/62\/revisions"}],"predecessor-version":[{"id":190,"href":"https:\/\/www.marinavoyage.fr\/index.php\/wp-json\/wp\/v2\/pages\/62\/revisions\/190"}],"wp:attachment":[{"href":"https:\/\/www.marinavoyage.fr\/index.php\/wp-json\/wp\/v2\/media?parent=62"}],"curies":[{"name":"wp","href":"https:\/\/api.w.org\/{rel}","templated":true}]}}