{"id":63,"date":"2025-06-26T18:49:14","date_gmt":"2025-06-26T18:49:14","guid":{"rendered":"http:\/\/marinavoyage.fr\/?page_id=63"},"modified":"2025-07-03T07:55:45","modified_gmt":"2025-07-03T07:55:45","slug":"les-attractions-incontournables-a-disneyland-paris","status":"publish","type":"page","link":"https:\/\/www.marinavoyage.fr\/index.php\/les-attractions-incontournables-a-disneyland-paris\/","title":{"rendered":"Attractions"},"content":{"rendered":"\n<h2 class=\"wp-block-heading has-text-align-center has-text-color has-link-color wp-elements-cf0b8a7c781781f6ca8bd009bdb23f18\" style=\"color:#f27489\">Les attractions incontournables \u00e0 Disneyland Paris<\/h2>\n\n\n\n<p class=\"has-text-align-center has-text-color has-link-color wp-elements-ffb183302248e216a4c39a9f7aa084da\" style=\"color:#ffc0cb\">Que serait Disneyland Paris sans ses c\u00e9l\u00e8bres attractions ? Il en existe de toutes sortes et pour tout le monde. Aujourd&rsquo;hui, je vais vous faire une pr\u00e9sentation de mes pr\u00e9f\u00e9r\u00e9es.<\/p>\n\n\n\n<p class=\"has-text-align-center has-text-color has-link-color wp-elements-1d76cce84f0426ca6afa34cc7bd8da7f\" style=\"color:#ffc0cb\">Commen\u00e7ons par le fameux Disneyland Park, celui o\u00f9 vous pourrez admirer le c\u00e9l\u00e8bre ch\u00e2teau de la Belle au bois dormant. Vous y trouverez Fantasyland bas\u00e9 sur l&rsquo;univers des contes de f\u00e9es. Une attraction phare et tr\u00e8s pris\u00e9e du public : It\u2019s a Small World, avec ses poup\u00e9es dansantes et cette musique entrainante qui vous restera dans la t\u00eate, est calme, parfaite pour se reposer apr\u00e8s beaucoup de sensations. Ensuite, avec le th\u00e8me Discoveryland, l&rsquo;univers de la science-fiction et de l&rsquo;espace, vous trouverez l&rsquo;une de mes attractions pr\u00e9f\u00e9r\u00e9es : Buzz Lightyear Laser Blast. Attraction haute en couleurs, vous vous y amuserez et peut-\u00eatre r\u00e9ussirez \u00e0 avoir l&rsquo;un des meilleurs scores. Un autre incontournable pour moi est Star Tours : l\u2019Aventure continue. Entrez dans un simulateur 3D pour partir \u00e0 l&rsquo;aventure. Un espion rebelle se cache dans le vaisseau, aurez-vous la chance de l&rsquo;\u00eatre ? Personnellement, je l&rsquo;ai \u00e9t\u00e9. <\/p>\n\n\n\n<p class=\"has-text-align-center has-text-color has-link-color wp-elements-6d8e9ca1e698d8458f91972ee455b28d\" style=\"color:#ffc0cb\">Un autre univers, Frontierland, est bas\u00e9 sur le monde du Far West. Ici se trouve mon attraction pr\u00e9f\u00e9r\u00e9e de tout le parc ! Je parle bien \u00e9videmment du Big Thunder Mountain, plus commun\u00e9ment appel\u00e9 le train de la mine. Cette attraction \u00e0 sensation forte n&rsquo;est pas indiqu\u00e9e pour les plus sensibles. <\/p>\n\n\n\n<p class=\"has-text-align-center has-text-color has-link-color wp-elements-5cd8219604282961f8631faca4f60cfc\" style=\"color:#ffc0cb\">Et pour finir, nous allons entrer dans l&rsquo;univers des pirates et de l&rsquo;aventure \u00e0 Adventureland. Mon attraction phare est bien \u00e9videmment Pirates of the Caribbean. Dans un petit bateau, vous allez traverser un village attaqu\u00e9 par les pirates.<\/p>\n\n\n\n<p class=\"has-text-align-center has-text-color has-link-color wp-elements-56458a2d8486fcc22ad657c32fd025e8\" style=\"color:#ffc0cb\">Passons maintenant au Walt Disney Studios Park o\u00f9 se trouve l&rsquo;une des attractions pr\u00e9f\u00e9r\u00e9es du grand public, le Crush\u2019s Coaster. Attention \u00e0 ne pas vous faire avoir par le design enfantin de l&rsquo;attraction\u00a0: cette derni\u00e8re est bien pour ceux au c\u0153ur bien accroch\u00e9. Vous avez quatre si\u00e8ges, dont deux qui sont \u00e0 l&rsquo;envers. Si vous \u00eates \u00e0 la recherche de sensations encore plus fortes, choisissez ceux-l\u00e0. Je n&rsquo;ai personnellement jamais autant cri\u00e9 que lorsque j&rsquo;\u00e9tais sur ces si\u00e8ges. Vraiment, c\u0153ur sensible s&rsquo;abstenir. Pour les personnes recherchant plus de calme, nous avons dans le monde de Pixar, le Slinky Dog Zigzag Spin. Beaucoup plus calme que le Crush\u2019s Coaster, cette attraction pourrait tout de m\u00eame vous donner le tournis. Elle fait partie des attractions les plus calmes de cet univers et reste rigolote \u00e0 faire. <\/p>\n\n\n\n<p class=\"has-text-align-center has-text-color has-link-color wp-elements-6ce3df66d8862d39f956b7e5fec12194\" style=\"color:#ffc0cb\">Pour finir dans cet univers, parlons de l&rsquo;attraction Ratatouille : L\u2019Aventure Totalement Toqu\u00e9e de R\u00e9my\u200b. Vous aurez l&rsquo;impression d&rsquo;\u00eatre \u00e0 la taille d\u2019un rat. Vous courrez dans la cuisine de R\u00e9my dans une aventure immersive inspir\u00e9e du film Ratatouille.<br><\/p>\n\n\n\n<p class=\"has-text-align-center has-text-color has-link-color wp-elements-338209dee5e9a45154828b22320381b5\" style=\"color:#ffc0cb\">Disneyland Paris offre un incroyable \u00e9ventail d\u2019attractions qui ravissent petits et grands, des plus f\u00e9\u00e9riques aux plus sensationnelles. Que tu sois amateur de balades magiques, de sensations fortes, ou d\u2019exp\u00e9riences immersives, il y en a pour tous les go\u00fbts et tous les \u00e2ges.<\/p>\n\n\n\n<p class=\"has-text-align-center has-text-color has-link-color wp-elements-769d2029220811729fdb66d789b79dac\" style=\"color:#ffc0cb\">Alors, pr\u00eat\u00b7e \u00e0 vivre une aventure inoubliable \u00e0 Disneyland Paris ?<\/p>\n\n\n\n<p><\/p>\n\n\n\n<p><\/p>\n","protected":false},"excerpt":{"rendered":"<p>Les attractions incontournables \u00e0 Disneyland Paris Que serait Disneyland Paris sans ses c\u00e9l\u00e8bres attractions ? Il en existe de toutes [&hellip;]<\/p>\n","protected":false},"author":1,"featured_media":0,"parent":0,"menu_order":0,"comment_status":"closed","ping_status":"closed","template":"","meta":{"site-sidebar-layout":"default","site-content-layout":"","ast-site-content-layout":"default","site-content-style":"default","site-sidebar-style":"default","ast-global-header-display":"","ast-banner-title-visibility":"","ast-main-header-display":"","ast-hfb-above-header-display":"","ast-hfb-below-header-display":"","ast-hfb-mobile-header-display":"","site-post-title":"disabled","ast-breadcrumbs-content":"","ast-featured-img":"","footer-sml-layout":"","ast-disable-related-posts":"","theme-transparent-header-meta":"","adv-header-id-meta":"","stick-header-meta":"","header-above-stick-meta":"","header-main-stick-meta":"","header-below-stick-meta":"","astra-migrate-meta-layouts":"default","ast-page-background-enabled":"default","ast-page-background-meta":{"desktop":{"background-color":"var(--ast-global-color-5)","background-image":"","background-repeat":"repeat","background-position":"center center","background-size":"auto","background-attachment":"scroll","background-type":"","background-media":"","overlay-type":"","overlay-color":"","overlay-opacity":"","overlay-gradient":""},"tablet":{"background-color":"","background-image":"","background-repeat":"repeat","background-position":"center center","background-size":"auto","background-attachment":"scroll","background-type":"","background-media":"","overlay-type":"","overlay-color":"","overlay-opacity":"","overlay-gradient":""},"mobile":{"background-color":"","background-image":"","background-repeat":"repeat","background-position":"center center","background-size":"auto","background-attachment":"scroll","background-type":"","background-media":"","overlay-type":"","overlay-color":"","overlay-opacity":"","overlay-gradient":""}},"ast-content-background-meta":{"desktop":{"background-color":"var(--ast-global-color-4)","background-image":"","background-repeat":"repeat","background-position":"center center","background-size":"auto","background-attachment":"scroll","background-type":"","background-media":"","overlay-type":"","overlay-color":"","overlay-opacity":"","overlay-gradient":""},"tablet":{"background-color":"var(--ast-global-color-4)","background-image":"","background-repeat":"repeat","background-position":"center center","background-size":"auto","background-attachment":"scroll","background-type":"","background-media":"","overlay-type":"","overlay-color":"","overlay-opacity":"","overlay-gradient":""},"mobile":{"background-color":"var(--ast-global-color-4)","background-image":"","background-repeat":"repeat","background-position":"center center","background-size":"auto","background-attachment":"scroll","background-type":"","background-media":"","overlay-type":"","overlay-color":"","overlay-opacity":"","overlay-gradient":""}},"footnotes":""},"class_list":["post-63","page","type-page","status-publish","hentry"],"_links":{"self":[{"href":"https:\/\/www.marinavoyage.fr\/index.php\/wp-json\/wp\/v2\/pages\/63","targetHints":{"allow":["GET"]}}],"collection":[{"href":"https:\/\/www.marinavoyage.fr\/index.php\/wp-json\/wp\/v2\/pages"}],"about":[{"href":"https:\/\/www.marinavoyage.fr\/index.php\/wp-json\/wp\/v2\/types\/page"}],"author":[{"embeddable":true,"href":"https:\/\/www.marinavoyage.fr\/index.php\/wp-json\/wp\/v2\/users\/1"}],"replies":[{"embeddable":true,"href":"https:\/\/www.marinavoyage.fr\/index.php\/wp-json\/wp\/v2\/comments?post=63"}],"version-history":[{"count":9,"href":"https:\/\/www.marinavoyage.fr\/index.php\/wp-json\/wp\/v2\/pages\/63\/revisions"}],"predecessor-version":[{"id":217,"href":"https:\/\/www.marinavoyage.fr\/index.php\/wp-json\/wp\/v2\/pages\/63\/revisions\/217"}],"wp:attachment":[{"href":"https:\/\/www.marinavoyage.fr\/index.php\/wp-json\/wp\/v2\/media?parent=63"}],"curies":[{"name":"wp","href":"https:\/\/api.w.org\/{rel}","templated":true}]}}